{"id":265,"date":"2018-05-21T16:25:27","date_gmt":"2018-05-21T14:25:27","guid":{"rendered":"http:\/\/dmc12.pensareweb.it\/testo-cookie\/"},"modified":"2018-05-23T10:44:45","modified_gmt":"2018-05-23T08:44:45","slug":"testo-cookie","status":"publish","type":"page","link":"http:\/\/dmc12.pensareweb.it\/de\/testo-cookie\/","title":{"rendered":"Testo Cookie parte 1"},"content":{"rendered":"<h3>Cosa sono i Cookie?<\/h3>\n<p>I cookie sono piccoli file di testo che possono essere utilizzati dai siti web per rendere pi\u00f9 efficiente l&#8217;esperienza per l&#8217;utente. La legge afferma che possiamo memorizzare i cookie sul suo dispositivo se sono strettamente necessari per il funzionamento di questo sito e se non raccolgono dati personali. Per tutti gli altri tipi di cookie abbiamo bisogno del suo permesso.<\/p>\n<p>Il nostro sito web supporta tutte le ultime versioni dei principali browser e\/o applicazioni.\u00a0\u00a0Per risultati ottimali si consiglia di scaricare la versione pi\u00f9 recente del proprio browser e\/o app. Non possiamo garantire il corretto funzionamento del servizio e l\u2019effettivit\u00e0 delle indicazioni contenute nella presente informativa per precedenti versioni di browser e\/o app non supportati.<\/p>\n<h3>Come revocare i consenso all&#8217;utilizzo dei cookies?<\/h3>\n<p>I cookie possono essere completamente disattivati dal\u00a0browser\u00a0utilizzando l\u2019apposita funzione prevista nella maggior parte dei programmi di navigazione.<br \/>\n\u00c8 bene sapere per\u00f2 che disattivando i cookie alcune delle funzionalit\u00e0 del nostro sito potrebbero non essere utilizzabili.<\/p>\n<p>Riportiamo di seguito i link alle informative dei principali browser per ulteriori informazioni sulla disattivazione dei cookie:\u00a0<a href=\"https:\/\/support.google.com\/chrome\/answer\/95647?hl=it\">Chrome<\/a>,\u00a0<a href=\"https:\/\/support.mozilla.org\/it\/kb\/Gestione%20dei%20cookie\">Firefox<\/a>,\u00a0<a href=\"http:\/\/windows.microsoft.com\/it-it\/internet-explorer\/delete-manage-cookies#ie=ie-11\">Internet Explorer<\/a>,\u00a0<a href=\"https:\/\/support.apple.com\/it-it\/HT201265\">Safari<\/a>,\u00a0<a href=\"https:\/\/privacy.microsoft.com\/en-us\/windows-10-microsoft-edge-and-privacy\">Edge<\/a><\/p>\n<h3>Altre risorse esterne a questo sito che descrivono minuziosamente come cancellare e disattivare i cookie sui principali browsers:\u00a0<strong><a href=\"https:\/\/www.wikihow.it\/Cancellare-i-Cookie-del-tuo-Browser-Internet\" target=\"_blank\" rel=\"noopener\">come cancellare i cookies<\/a><\/strong><\/h3>\n<h3>Contenuto incorporato da altri siti web<\/h3>\n<p>Gli articoli su questo sito possono includere contenuti incorporati (ad esempio video, immagini, articoli, ecc.). I contenuti incorporati di altri siti web si comportano esattamente nello stesso modo in cui il visitatore ha visitato l&#8217;altro sito web. Questi siti web possono raccogliere dati su di te, utilizzare cookie, integrare ulteriori tracciamenti di terze parti, e monitorare l&#8217;interazione con quel contenuto incorporato, incluso il tracciare la tua interazione con il contenuto incorporato se hai un account e sei connesso a quel sito web.<\/p>\n<p><strong>Altre informazioni utili per la disattivazione dei cookies<\/strong><\/p>\n<p>Le piattaforme\u00a0<a href=\"http:\/\/www.youronlinechoices.com\/it\/help\">Youonlinechoice<\/a>\u00a0e\u00a0<a href=\"http:\/\/optout.networkadvertising.org\/#!\/\">Networkadvertising.org<\/a>\u00a0offrono la possibilit\u00e0 di rifiutare o accettare i cookie di molti professionisti della pubblicit\u00e0 digitale.<\/p>\n<p>Ti consigliamo di utilizzare queste piattaforme per gestire la revoca del consenso all\u2019utilizzo dei cookie.<\/p>\n<p>Per saperne di pi\u00f9 sulla pubblicit\u00e0 mirata puoi consultare le seguenti pagine:<\/p>\n<ul>\n<li><a href=\"http:\/\/www.youronlinechoices.eu\/\">European Interactive Digital Advertising Alliance<\/a>\u00a0(EIDAA)<\/li>\n<li><a href=\"http:\/\/www.networkadvertising.org\/\">Network Advertising Initiative<\/a>\u00a0(NAI)<\/li>\n<li><a href=\"http:\/\/www.iab.com\/\">Interactive Advertising Bureau<\/a>\u00a0(IAB)<\/li>\n<\/ul>\n<h3>I\u00a0Cookie sul nostro sito<\/h3>\n<p>Le finalit\u00e0 principali dei cookie installati dal nostro sito web sono:<\/p>\n<p><strong>Tecniche<\/strong>: vengono cio\u00e8 utilizzati per finalit\u00e0 connesse all\u2019erogazione del servizio e per consentire o migliorare la navigazione. Tali cookie sono indispensabili per garantire al nostro sito web un corretto funzionamento.<\/p>\n<p>&nbsp;<\/p>\n","protected":false},"excerpt":{"rendered":"<p>Cosa sono i Cookie? I cookie sono piccoli file di testo che possono essere utilizzati dai siti web per rendere pi\u00f9 efficiente l&#8217;esperienza per l&#8217;utente. La legge afferma che possiamo memorizzare i cookie sul suo dispositivo se sono strettamente necessari per il funzionamento di questo sito e se non raccolgono dati personali. Per tutti gli &hellip; <\/p>\n<p class=\"link-more\"><a href=\"http:\/\/dmc12.pensareweb.it\/de\/testo-cookie\/\" class=\"more-link\"><span class=\"screen-reader-text\">\u201eTesto Cookie parte 1\u201c<\/span> weiterlesen<\/a><\/p>\n","protected":false},"author":1,"featured_media":0,"parent":0,"menu_order":0,"comment_status":"closed","ping_status":"closed","template":"","meta":[],"_links":{"self":[{"href":"http:\/\/dmc12.pensareweb.it\/de\/wp-json\/wp\/v2\/pages\/265"}],"collection":[{"href":"http:\/\/dmc12.pensareweb.it\/de\/wp-json\/wp\/v2\/pages"}],"about":[{"href":"http:\/\/dmc12.pensareweb.it\/de\/wp-json\/wp\/v2\/types\/page"}],"author":[{"embeddable":true,"href":"http:\/\/dmc12.pensareweb.it\/de\/wp-json\/wp\/v2\/users\/1"}],"replies":[{"embeddable":true,"href":"http:\/\/dmc12.pensareweb.it\/de\/wp-json\/wp\/v2\/comments?post=265"}],"version-history":[{"count":1,"href":"http:\/\/dmc12.pensareweb.it\/de\/wp-json\/wp\/v2\/pages\/265\/revisions"}],"predecessor-version":[{"id":29645,"href":"http:\/\/dmc12.pensareweb.it\/de\/wp-json\/wp\/v2\/pages\/265\/revisions\/29645"}],"wp:attachment":[{"href":"http:\/\/dmc12.pensareweb.it\/de\/wp-json\/wp\/v2\/media?parent=265"}],"curies":[{"name":"wp","href":"https:\/\/api.w.org\/{rel}","templated":true}]}}