{"id":270,"date":"2018-05-21T16:31:34","date_gmt":"2018-05-21T14:31:34","guid":{"rendered":"http:\/\/dmc12.pensareweb.it\/testo-cotratti\/"},"modified":"2018-05-29T16:00:49","modified_gmt":"2018-05-29T14:00:49","slug":"testo-contratti","status":"publish","type":"page","link":"https:\/\/dmc12.pensareweb.it\/de\/testo-contratti\/","title":{"rendered":"Nomina responsabile del trattamento esterno"},"content":{"rendered":"<p>Spettabile societ\u00e0 <strong>[SCRIVERE IL NOME DELLA TUA SOCIETA&#8217;]<br \/>\n[INDIRIZZO SOCIETA&#8217;]<br \/>\n[CAP CITTA&#8217; PROVINCIA]<\/strong><\/p>\n<p>&nbsp;<\/p>\n<p>Il legale rappresentante della societ\u00e0:<\/p>\n<p style=\"text-align: center;\">PENSARE WEB SRL<br \/>\nVIA MACANNO 38\/N<br \/>\n47924 RIMINI RN<br \/>\nRESPONSABILE TRATTAMENTO DEI DATI: Fabio Tonti<br \/>\nDPO: Luca di Leo<br \/>\n<a href=\"mailto:commerciale@pensareweb.it\">commerciale@pensareweb.it<\/a><\/p>\n<p>Rappresentata legalmente da Fabio Tonti,\u00a0ai sensi ai sensi della normativa vigente in materia di protezione dei dati personali (Regolamento UE n. 679 del 2016), e considerato che sussistono i requisiti di esperienza, capacit\u00e0 e affidabilit\u00e0, considerato che con scrittura privata \u00e8 stato conferito l\u2019incarico per l\u2019effettuazione di uno dei seguenti servizi:<\/p>\n<ul>\n<li>HOSTING<\/li>\n<li>HOUSING<\/li>\n<li>ASSISTENZA TECNICA\/INFORMATICA<\/li>\n<li>FORNITURA SOFTWARE AS A SERVICE<\/li>\n<\/ul>\n<p>codesta societ\u00e0 \u00e8 nominata responsabile del trattamento per i trattamenti di dati personali realizzati nell\u2019ambito dell\u2019incarico conferito.<br \/>\nIn tale qualit\u00e0, la mia societ\u00e0 \u00e8 tenuta al rispetto delle disposizioni di legge e di regolamento in materia di tutela dei dati personali.<br \/>\nIn particolare la mia societ\u00e0 si impegna a:<\/p>\n<ul>\n<li>osservare la normativa vigente in materia di protezione dei dati personali (Regolamento UE n. 679 del 2016), e le altre disposizioni legislative e regolamentari in materia di riservatezza delle persone osservando i principi di liceit\u00e0 e correttezza;<\/li>\n<li>osservare le disposizioni che verranno impartire dal titolare;<\/li>\n<li>catalogare analiticamente, con aggiornamento periodico, i trattamenti di dati personali e le banche dati gestite;<\/li>\n<li>individuare gli incaricati del trattamento e successivamente diramare le istruzioni necessarie per un corretto, lecito, sicuro trattamento;<\/li>\n<li>attuare gli obblighi di informativa e di acquisizione del consenso nei confronti degli interessati (oppure \u201cil titolare del trattamento informa di avere gi\u00e0 assolto agli obblighi di informativa e di acquisizione del consenso nei confronti degli interessati\u201d);<\/li>\n<li>segnalare al titolare del trattamento la richiesta di autorizzazione preventiva al trattamento di dati sensibili (quando necessaria) da inviare al Garante;<\/li>\n<li>garantire all&#8217;interessato l&#8217;effettivo esercizio dei diritti dalla normativa vigente in materia di protezione dei dati personali (Regolamento UE n. 679 del 2016), collaborare per l&#8217;attuazione delle prescrizioni del Garante;<\/li>\n<li>predisporre ed aggiornare per la sua societ\u00e0 un sistema di sicurezza idoneo a rispettare la sicurezza dei dati trattati.<\/li>\n<\/ul>\n<p style=\"text-align: left;\">Data e firma<\/p>\n<p>&#8230;&#8230;&#8230;&#8230;&#8230;&#8230;&#8230;&#8230;&#8230;&#8230;&#8230;&#8230;&#8230;&#8230;<\/p>\n<p style=\"text-align: right;\">legale rappresentante PENSARE WEB SRL<\/p>\n<p style=\"text-align: right;\">&#8230;&#8230;&#8230;&#8230;&#8230;&#8230;&#8230;&#8230;&#8230;&#8230;&#8230;&#8230;&#8230;&#8230;&#8230;&#8230;&#8230;&#8230;&#8230;&#8230;&#8230;&#8230;&#8230;&#8230;&#8230;&#8230;&#8230;&#8230;&#8230;..<\/p>\n<p style=\"text-align: left;\">Per presa visione e accettazione<br \/>\nFirma del legale rappresentante della societ\u00e0<br \/>\nresponsabile del trattamento<\/p>\n<p>&#8230;&#8230;&#8230;&#8230;&#8230;&#8230;&#8230;&#8230;&#8230;&#8230;&#8230;&#8230;&#8230;&#8230;&#8230;&#8230;&#8230;&#8230;&#8230;&#8230;&#8230;&#8230;&#8230;&#8230;&#8230;&#8230;&#8230;&#8230;&#8230;.<\/p>\n<p>Distinti saluti.<\/p>\n<p>Ps: per la notifica e la firma reciproca inviarlo firmato a <a href=\"mailto:commerciale@pensareweb.it\">commerciale@pensareweb.it<\/a><\/p>\n<div id=\"versione\"><\/div>\n","protected":false},"excerpt":{"rendered":"<p>Spettabile societ\u00e0 [SCRIVERE IL NOME DELLA TUA SOCIETA&#8217;] [INDIRIZZO SOCIETA&#8217;] [CAP CITTA&#8217; PROVINCIA] &nbsp; Il legale rappresentante della societ\u00e0: PENSARE WEB SRL VIA MACANNO 38\/N 47924 RIMINI RN RESPONSABILE TRATTAMENTO DEI DATI: Fabio Tonti DPO: Luca di Leo commerciale@pensareweb.it Rappresentata legalmente da Fabio Tonti,\u00a0ai sensi ai sensi della normativa vigente in materia di protezione dei &hellip; <\/p>\n<p class=\"link-more\"><a href=\"https:\/\/dmc12.pensareweb.it\/de\/testo-contratti\/\" class=\"more-link\"><span class=\"screen-reader-text\">\u201eNomina responsabile del trattamento esterno\u201c<\/span> weiterlesen<\/a><\/p>\n","protected":false},"author":1,"featured_media":0,"parent":0,"menu_order":0,"comment_status":"closed","ping_status":"closed","template":"","meta":[],"_links":{"self":[{"href":"https:\/\/dmc12.pensareweb.it\/de\/wp-json\/wp\/v2\/pages\/270"}],"collection":[{"href":"https:\/\/dmc12.pensareweb.it\/de\/wp-json\/wp\/v2\/pages"}],"about":[{"href":"https:\/\/dmc12.pensareweb.it\/de\/wp-json\/wp\/v2\/types\/page"}],"author":[{"embeddable":true,"href":"https:\/\/dmc12.pensareweb.it\/de\/wp-json\/wp\/v2\/users\/1"}],"replies":[{"embeddable":true,"href":"https:\/\/dmc12.pensareweb.it\/de\/wp-json\/wp\/v2\/comments?post=270"}],"version-history":[{"count":10,"href":"https:\/\/dmc12.pensareweb.it\/de\/wp-json\/wp\/v2\/pages\/270\/revisions"}],"predecessor-version":[{"id":72918,"href":"https:\/\/dmc12.pensareweb.it\/de\/wp-json\/wp\/v2\/pages\/270\/revisions\/72918"}],"wp:attachment":[{"href":"https:\/\/dmc12.pensareweb.it\/de\/wp-json\/wp\/v2\/media?parent=270"}],"curies":[{"name":"wp","href":"https:\/\/api.w.org\/{rel}","templated":true}]}}